{"id":2042,"date":"2023-12-10T18:38:02","date_gmt":"2023-12-10T18:38:02","guid":{"rendered":"https:\/\/hisp-club.org\/wp\/?page_id=2042"},"modified":"2023-12-10T18:38:32","modified_gmt":"2023-12-10T18:38:32","slug":"tour-de-hisp-winter-2023","status":"publish","type":"page","link":"https:\/\/hisp-club.org\/wp\/tour-de-hisp-winter-2023\/","title":{"rendered":"Tour de HISP (Winter 2023)"},"content":{"rendered":"\t\t<div data-elementor-type=\"wp-page\" data-elementor-id=\"2042\" class=\"elementor elementor-2042\">\n\t\t\t\t\t\t<section class=\"elementor-section elementor-top-section elementor-element elementor-element-3b876085 elementor-section-boxed elementor-section-height-default elementor-section-height-default\" data-id=\"3b876085\" data-element_type=\"section\" data-settings=\"{&quot;background_background&quot;:&quot;classic&quot;}\">\n\t\t\t\t\t\t<div class=\"elementor-container elementor-column-gap-default\">\n\t\t\t\t\t<div class=\"elementor-column elementor-col-100 elementor-top-column elementor-element elementor-element-7b7324ca\" data-id=\"7b7324ca\" data-element_type=\"column\">\n\t\t\t<div class=\"elementor-widget-wrap elementor-element-populated\">\n\t\t\t\t\t\t<div class=\"elementor-element elementor-element-607b3ca6 elementor-widget elementor-widget-heading\" data-id=\"607b3ca6\" data-element_type=\"widget\" data-widget_type=\"heading.default\">\n\t\t\t\t<div class=\"elementor-widget-container\">\n\t\t\t\t\t<h1 class=\"elementor-heading-title elementor-size-default\">HISP WINTER TOUR 2023 - REGLAS<\/h1>\t\t\t\t<\/div>\n\t\t\t\t<\/div>\n\t\t\t\t<div class=\"elementor-element elementor-element-c7171e3 elementor-widget elementor-widget-text-editor\" data-id=\"c7171e3\" data-element_type=\"widget\" data-widget_type=\"text-editor.default\">\n\t\t\t\t<div class=\"elementor-widget-container\">\n\t\t\t\t\t\t\t\t\t<p><span style=\"color: var( --e-global-color-text ); font-family: var( --e-global-typography-text-font-family ), Sans-serif; font-weight: var( --e-global-typography-text-font-weight ); background-color: var( --e-global-color-f5da002 ); font-size: 1rem;\">CLASIFICACI\u00d3N POR TIEMPOS (Trofeo F\u00edsico)<\/span><\/p><p>2 clasificaciones por puntos paralelas<\/p><p>Sprints y KOMs<\/p><p>Distancia recorrida 413,5km<\/p><p>Desnivel acumulado 4.491m<\/p>\t\t\t\t\t\t\t\t<\/div>\n\t\t\t\t<\/div>\n\t\t\t\t\t<\/div>\n\t\t<\/div>\n\t\t\t\t\t<\/div>\n\t\t<\/section>\n\t\t\t\t<section class=\"elementor-section elementor-top-section elementor-element elementor-element-7eb8a301 elementor-section-boxed elementor-section-height-default elementor-section-height-default\" data-id=\"7eb8a301\" data-element_type=\"section\" data-settings=\"{&quot;background_background&quot;:&quot;gradient&quot;}\">\n\t\t\t\t\t\t<div class=\"elementor-container elementor-column-gap-default\">\n\t\t\t\t\t<div class=\"elementor-column elementor-col-100 elementor-top-column elementor-element elementor-element-2ae996df\" data-id=\"2ae996df\" data-element_type=\"column\">\n\t\t\t<div class=\"elementor-widget-wrap elementor-element-populated\">\n\t\t\t\t\t\t<section class=\"elementor-section elementor-inner-section elementor-element elementor-element-2c1b65c3 elementor-section-boxed elementor-section-height-default elementor-section-height-default\" data-id=\"2c1b65c3\" data-element_type=\"section\">\n\t\t\t\t\t\t<div class=\"elementor-container elementor-column-gap-extended\">\n\t\t\t\t\t<div class=\"elementor-column elementor-col-33 elementor-inner-column elementor-element elementor-element-3936db3b\" data-id=\"3936db3b\" data-element_type=\"column\">\n\t\t\t<div class=\"elementor-widget-wrap elementor-element-populated\">\n\t\t\t\t\t\t<div class=\"elementor-element elementor-element-3946e8a3 elementor-align-justify elementor-widget elementor-widget-button\" data-id=\"3946e8a3\" data-element_type=\"widget\" data-widget_type=\"button.default\">\n\t\t\t\t<div class=\"elementor-widget-container\">\n\t\t\t\t\t\t\t\t\t<div class=\"elementor-button-wrapper\">\n\t\t\t\t\t<a class=\"elementor-button elementor-button-link elementor-size-sm\" href=\"https:\/\/hisp-club.org\/wp\/tour-de-hisp-etapas-winter-2023\/\">\n\t\t\t\t\t\t<span class=\"elementor-button-content-wrapper\">\n\t\t\t\t\t\t\t\t\t<span class=\"elementor-button-text\">Etapas<\/span>\n\t\t\t\t\t<\/span>\n\t\t\t\t\t<\/a>\n\t\t\t\t<\/div>\n\t\t\t\t\t\t\t\t<\/div>\n\t\t\t\t<\/div>\n\t\t\t\t\t<\/div>\n\t\t<\/div>\n\t\t\t\t<div class=\"elementor-column elementor-col-33 elementor-inner-column elementor-element elementor-element-48c55c55\" data-id=\"48c55c55\" data-element_type=\"column\">\n\t\t\t<div class=\"elementor-widget-wrap elementor-element-populated\">\n\t\t\t\t\t\t<div class=\"elementor-element elementor-element-c16dd0c elementor-align-center elementor-widget elementor-widget-button\" data-id=\"c16dd0c\" data-element_type=\"widget\" data-widget_type=\"button.default\">\n\t\t\t\t<div class=\"elementor-widget-container\">\n\t\t\t\t\t\t\t\t\t<div class=\"elementor-button-wrapper\">\n\t\t\t\t\t<a class=\"elementor-button elementor-button-link elementor-size-sm\" href=\"https:\/\/www.zwift.com\/uk\/events\/tag\/hispwintertour\">\n\t\t\t\t\t\t<span class=\"elementor-button-content-wrapper\">\n\t\t\t\t\t\t\t\t\t<span class=\"elementor-button-text\">Eventos en Zwift<\/span>\n\t\t\t\t\t<\/span>\n\t\t\t\t\t<\/a>\n\t\t\t\t<\/div>\n\t\t\t\t\t\t\t\t<\/div>\n\t\t\t\t<\/div>\n\t\t\t\t\t<\/div>\n\t\t<\/div>\n\t\t\t\t<div class=\"elementor-column elementor-col-33 elementor-inner-column elementor-element elementor-element-282c2b9\" data-id=\"282c2b9\" data-element_type=\"column\">\n\t\t\t<div class=\"elementor-widget-wrap elementor-element-populated\">\n\t\t\t\t\t\t<div class=\"elementor-element elementor-element-7486ce0 elementor-align-left elementor-widget elementor-widget-button\" data-id=\"7486ce0\" data-element_type=\"widget\" data-widget_type=\"button.default\">\n\t\t\t\t<div class=\"elementor-widget-container\">\n\t\t\t\t\t\t\t\t\t<div class=\"elementor-button-wrapper\">\n\t\t\t\t\t<a class=\"elementor-button elementor-button-link elementor-size-sm\" href=\"https:\/\/hisp-club.org\/wp\/tour-de-hisp-resultados-winter-2023\/\">\n\t\t\t\t\t\t<span class=\"elementor-button-content-wrapper\">\n\t\t\t\t\t\t\t\t\t<span class=\"elementor-button-text\">Resultados<\/span>\n\t\t\t\t\t<\/span>\n\t\t\t\t\t<\/a>\n\t\t\t\t<\/div>\n\t\t\t\t\t\t\t\t<\/div>\n\t\t\t\t<\/div>\n\t\t\t\t\t<\/div>\n\t\t<\/div>\n\t\t\t\t\t<\/div>\n\t\t<\/section>\n\t\t\t\t\t<\/div>\n\t\t<\/div>\n\t\t\t\t\t<\/div>\n\t\t<\/section>\n\t\t\t\t<section class=\"elementor-section elementor-top-section elementor-element elementor-element-aad247a elementor-section-boxed elementor-section-height-default elementor-section-height-default\" data-id=\"aad247a\" data-element_type=\"section\" data-settings=\"{&quot;background_background&quot;:&quot;classic&quot;}\">\n\t\t\t\t\t\t<div class=\"elementor-container elementor-column-gap-default\">\n\t\t\t\t\t<div class=\"elementor-column elementor-col-100 elementor-top-column elementor-element elementor-element-3ed87d1\" data-id=\"3ed87d1\" data-element_type=\"column\" data-settings=\"{&quot;background_background&quot;:&quot;classic&quot;}\">\n\t\t\t<div class=\"elementor-widget-wrap elementor-element-populated\">\n\t\t\t\t\t\t<div class=\"elementor-element elementor-element-6fde89f elementor-widget elementor-widget-accordion\" data-id=\"6fde89f\" data-element_type=\"widget\" data-widget_type=\"accordion.default\">\n\t\t\t\t<div class=\"elementor-widget-container\">\n\t\t\t\t\t\t\t<div class=\"elementor-accordion\">\n\t\t\t\t\t\t\t<div class=\"elementor-accordion-item\">\n\t\t\t\t\t<div id=\"elementor-tab-title-1171\" class=\"elementor-tab-title\" data-tab=\"1\" role=\"button\" aria-controls=\"elementor-tab-content-1171\" aria-expanded=\"false\">\n\t\t\t\t\t\t\t\t\t\t\t\t\t<span class=\"elementor-accordion-icon elementor-accordion-icon-left\" aria-hidden=\"true\">\n\t\t\t\t\t\t\t\t\t\t\t\t\t\t\t<span class=\"elementor-accordion-icon-closed\"><i class=\"fas fa-plus\"><\/i><\/span>\n\t\t\t\t\t\t\t\t<span class=\"elementor-accordion-icon-opened\"><i class=\"fas fa-minus\"><\/i><\/span>\n\t\t\t\t\t\t\t\t\t\t\t\t\t\t<\/span>\n\t\t\t\t\t\t\t\t\t\t\t\t<a class=\"elementor-accordion-title\" tabindex=\"0\">Sistema de puntuaci\u00f3n<\/a>\n\t\t\t\t\t<\/div>\n\t\t\t\t\t<div id=\"elementor-tab-content-1171\" class=\"elementor-tab-content elementor-clearfix\" data-tab=\"1\" role=\"region\" aria-labelledby=\"elementor-tab-title-1171\"><p>SISTEMA DE PUNTUACION<\/p><ul><li><span data-contrast=\"none\">Habr\u00e1 una clasificaci\u00f3n general por tiempos, y dos clasificaciones por puntos: SPRINT y KOM<br \/><\/span><\/li><li><span data-contrast=\"none\">HISP WINTER TOUR: Clasificaci\u00f3n cl\u00e1sica para los m\u00e1s puristas: 13 etapas donde se premia la constancia, cada segundo cuenta y 1 minuto se hace eterno.\u00a0<\/span><span data-contrast=\"none\">El ganador de la liga, ser\u00e1 aquel acumule menos tiempo al final de las 13 etapas.<\/span><\/li><li><span data-contrast=\"none\">Clasificaciones adicionales por puntos KOM y SPRINT conseguidos en cada etapa. <br \/><\/span><\/li><li><span data-contrast=\"none\">Cada etapa tendr\u00e1 una valoraci\u00f3n de puntos diferente dependiendo la dificultad de la misma o los puntos intermedios KOM o Sprint que se repartan. <\/span><\/li><\/ul><\/div>\n\t\t\t\t<\/div>\n\t\t\t\t\t\t\t<div class=\"elementor-accordion-item\">\n\t\t\t\t\t<div id=\"elementor-tab-title-1172\" class=\"elementor-tab-title\" data-tab=\"2\" role=\"button\" aria-controls=\"elementor-tab-content-1172\" aria-expanded=\"false\">\n\t\t\t\t\t\t\t\t\t\t\t\t\t<span class=\"elementor-accordion-icon elementor-accordion-icon-left\" aria-hidden=\"true\">\n\t\t\t\t\t\t\t\t\t\t\t\t\t\t\t<span class=\"elementor-accordion-icon-closed\"><i class=\"fas fa-plus\"><\/i><\/span>\n\t\t\t\t\t\t\t\t<span class=\"elementor-accordion-icon-opened\"><i class=\"fas fa-minus\"><\/i><\/span>\n\t\t\t\t\t\t\t\t\t\t\t\t\t\t<\/span>\n\t\t\t\t\t\t\t\t\t\t\t\t<a class=\"elementor-accordion-title\" tabindex=\"0\">Normativa<\/a>\n\t\t\t\t\t<\/div>\n\t\t\t\t\t<div id=\"elementor-tab-content-1172\" class=\"elementor-tab-content elementor-clearfix\" data-tab=\"2\" role=\"region\" aria-labelledby=\"elementor-tab-title-1172\"><ul><li>HR obligatorio en todas las pruebas.\u00a0<\/li><li>Inscripci\u00f3n a Zwift Power obligatoria.<\/li><li>Para optar a estar en el p\u00f3dium y los premios, una vez acabada la liga hay que cumplir con el requisito de participaci\u00f3n en todas las etapas.<\/li><li>No se podr\u00e1 modificar el peso durante todo el Tour, y se coger\u00e1 como referencia el peso marcado 7 d\u00edas antes del inicio de la competici\u00f3n.<\/li><li>Nos basaremos en los datos de Zwift Power para obtener las puntuaciones. Si hubiera un error inform\u00e1tico, su partida no se guardara o no fuera registrada en ZP, fallara su puls\u00f3metro, o cualquier otro accidente por el cual sus datos no fueran registrados, simplemente esos datos no se sumarian a su cuenta. El participante asume que estos errores, aunque frustrantes forman parte del juego y de la competici\u00f3n.<\/li><\/ul><p>CATEGOR\u00cdAS:<\/p><ul><li>Regir\u00e1n las inscripciones en categor\u00eda designada por <strong>Zwift Category Enforcement (ZCE)<\/strong>. Adicionalmente al terminar la carrera se revisar\u00e1n los datos, siendo eliminados de la carrera aquellos corredores que presenten datos de potencia excesivos o an\u00f3malos para su categor\u00eda a criterio de los organizadores.<\/li><li>Adem\u00e1s del sistema de categor\u00edas se tienen en consideraci\u00f3n los supuestos siguientes: Un esfuerzo de 5 minutos a 6 w\/kg o m\u00e1s pasa a ser sospechoso, as\u00ed como cifras de m\u00e1s de 5 w\/kg durante 20 minutos. Estas cifras podr\u00edan suponer una revisi\u00f3n de la actividad y podr\u00eda solicitarse un chequeo de su fuente de potencia o peso al participante.<\/li><li>En caso de que un participante cambie de categor\u00eda durante el Tour:<ul><li>si el cambio es hacia una categor\u00eda superior, y a petici\u00f3n del propio participante, la organizaci\u00f3n reclasificar\u00e1 todas las etapas en las que dicho usuario haya participado a la nueva categor\u00eda. Esto solo aplicar\u00e1 a aquellos participantes que hasta ese momento hayan disputado todas las etapas.<\/li><li>si el cambio es hacia una categor\u00eda inferior, no habr\u00e1 posibilidad de reclasificaci\u00f3n<\/li><li>La organizaci\u00f3n se reserva el derecho a solicitar a todos los participantes, especialmente a aquellos en el top10 de cada categor\u00eda y que se hayan inscrito por anticipado a todas las etapas restantes, a justificar que contin\u00faan en la categor\u00eda en la que se encuentren inscritos. Tomar salida en una nueva etapa sin haber justificado la categor\u00eda en la que se part\u00edcipe habiendo sido requerido a ello, ser\u00e1 causa de descalificaci\u00f3n<\/li><\/ul><\/li><li>Las clasificaciones de ZP ser\u00e1n orientativas y provisionales, las clasificaciones oficiales estar\u00e1n en la Web de HISP, con una semana de retraso para estudiar reclamaciones.<\/li><\/ul><\/div>\n\t\t\t\t<\/div>\n\t\t\t\t\t\t\t<div class=\"elementor-accordion-item\">\n\t\t\t\t\t<div id=\"elementor-tab-title-1173\" class=\"elementor-tab-title\" data-tab=\"3\" role=\"button\" aria-controls=\"elementor-tab-content-1173\" aria-expanded=\"false\">\n\t\t\t\t\t\t\t\t\t\t\t\t\t<span class=\"elementor-accordion-icon elementor-accordion-icon-left\" aria-hidden=\"true\">\n\t\t\t\t\t\t\t\t\t\t\t\t\t\t\t<span class=\"elementor-accordion-icon-closed\"><i class=\"fas fa-plus\"><\/i><\/span>\n\t\t\t\t\t\t\t\t<span class=\"elementor-accordion-icon-opened\"><i class=\"fas fa-minus\"><\/i><\/span>\n\t\t\t\t\t\t\t\t\t\t\t\t\t\t<\/span>\n\t\t\t\t\t\t\t\t\t\t\t\t<a class=\"elementor-accordion-title\" tabindex=\"0\">Premios<\/a>\n\t\t\t\t\t<\/div>\n\t\t\t\t\t<div id=\"elementor-tab-content-1173\" class=\"elementor-tab-content elementor-clearfix\" data-tab=\"3\" role=\"region\" aria-labelledby=\"elementor-tab-title-1173\"><ul><li><p><span data-contrast=\"none\">Se otorgar\u00e1n medallas y maillots virtuales personalizadas a los ganadores al finalizar la liga.<\/span><span data-ccp-props=\"{&quot;201341983&quot;:0,&quot;335559739&quot;:160,&quot;335559740&quot;:259}\">\u00a0<\/span><\/p><\/li><li><p><span data-contrast=\"none\">Premios especiales para los participantes pertenecientes al equipo HISP (como equipo principal) en Zwift Power.<\/span><\/p><ul><li><p><b><span data-contrast=\"none\">Medallas reales<\/span><\/b><span data-contrast=\"none\"> en formato f\u00edsico.<\/span>\u00a0<\/p><\/li><li>Diplomas virtuales para aquellos participantes del equipo HISP que finalicen las 13 etapas del Tour de invierno<\/li><\/ul><\/li><\/ul><\/div>\n\t\t\t\t<\/div>\n\t\t\t\t\t\t\t<div class=\"elementor-accordion-item\">\n\t\t\t\t\t<div id=\"elementor-tab-title-1174\" class=\"elementor-tab-title\" data-tab=\"4\" role=\"button\" aria-controls=\"elementor-tab-content-1174\" aria-expanded=\"false\">\n\t\t\t\t\t\t\t\t\t\t\t\t\t<span class=\"elementor-accordion-icon elementor-accordion-icon-left\" aria-hidden=\"true\">\n\t\t\t\t\t\t\t\t\t\t\t\t\t\t\t<span class=\"elementor-accordion-icon-closed\"><i class=\"fas fa-plus\"><\/i><\/span>\n\t\t\t\t\t\t\t\t<span class=\"elementor-accordion-icon-opened\"><i class=\"fas fa-minus\"><\/i><\/span>\n\t\t\t\t\t\t\t\t\t\t\t\t\t\t<\/span>\n\t\t\t\t\t\t\t\t\t\t\t\t<a class=\"elementor-accordion-title\" tabindex=\"0\">Etapas<\/a>\n\t\t\t\t\t<\/div>\n\t\t\t\t\t<div id=\"elementor-tab-content-1174\" class=\"elementor-tab-content elementor-clearfix\" data-tab=\"4\" role=\"region\" aria-labelledby=\"elementor-tab-title-1174\"><p><b><span data-contrast=\"auto\">Etapa 1: MARTES (Prologo TT)<\/span><\/b>\u00a0<b><span data-contrast=\"auto\">26\/12\/2022<\/span><\/b>\u00a0Going Coastal (Watopia)<span data-ccp-props=\"{&quot;201341983&quot;:0,&quot;335559739&quot;:160,&quot;335559740&quot;:259}\"><br \/><\/span><b><span data-contrast=\"auto\">Etapa 2: MIERCOLES <\/span><\/b><b><span data-contrast=\"auto\">27\/12\/2023\u00a0<\/span><\/b>Petit Boucle<span data-ccp-props=\"{&quot;201341983&quot;:0,&quot;335559739&quot;:160,&quot;335559740&quot;:259}\"> (France)<br \/><\/span><b><span data-contrast=\"auto\">Etapa 3: JUEVES <\/span><\/b><b><span data-contrast=\"auto\">28\/12\/2023\u00a0<\/span><\/b>Libby Hill After Party (Richmond)<span data-ccp-props=\"{&quot;201341983&quot;:0,&quot;335559739&quot;:160,&quot;335559740&quot;:259}\"><br \/><\/span><b><span data-contrast=\"auto\">Etapa 4 :VIERNES <\/span><\/b><b><span data-contrast=\"auto\">29\/12\/2023\u00a0<\/span><\/b>The London Pretzel (London)<span data-ccp-props=\"{&quot;201341983&quot;:0,&quot;335559739&quot;:160,&quot;335559740&quot;:259}\"><br \/><\/span><b><span data-contrast=\"auto\">Etapa 5: S\u00c1BADO <\/span><\/b><b><span data-contrast=\"auto\">30\/12\/2023\u00a0<\/span><\/b>Out And Back Again (Watopia)<span data-contrast=\"auto\"><br \/><\/span><b><span data-contrast=\"auto\">Etapa 6: Domingo <\/span><\/b><b><span data-contrast=\"auto\">31\/12\/2023\u00a0<\/span><\/b>Innsbruck KOM After Party (Innsbruck)<span data-contrast=\"auto\"><br \/><\/span><b><span data-contrast=\"auto\">DESCANSO: LUNES <\/span><\/b><b><span data-contrast=\"auto\">1\/1\/2023<\/span><\/b>\u00a0<b><span data-contrast=\"none\"><br \/><\/span><\/b><b><span data-contrast=\"auto\">Etapa 7: MARTES <\/span><\/b><b><span data-contrast=\"auto\">2\/1\/2023 <\/span><\/b>Suki&#8217;s Playground\u00a0 x 2 (<span data-ccp-props=\"{&quot;201341983&quot;:0,&quot;335559739&quot;:160,&quot;335559740&quot;:259}\">Makuri Islands<\/span>)<span data-contrast=\"auto\"><br \/><\/span><b><span data-contrast=\"auto\">Etapa 8 MIERCOLES <\/span><\/b><b><span data-contrast=\"auto\">3\/1\/2023<\/span><\/b>The Muckle Yin \u00a0<span data-ccp-props=\"{&quot;201341983&quot;:0,&quot;335559739&quot;:160,&quot;335559740&quot;:259}\">(Scotland)<\/span><span data-contrast=\"auto\"><br \/><\/span><b><span data-contrast=\"auto\">Etapa 9: JUEVES <\/span><\/b><b><span data-contrast=\"auto\">4\/1\/2023\u00a0<\/span><\/b><span data-contrast=\"auto\">Downtown Titans (Watopia)<br \/><\/span><b><span data-contrast=\"auto\">Etapa 10: VIERNES <\/span><\/b><b><span data-contrast=\"auto\">5\/1\/2023 <\/span><\/b>Royal Pump Room <span data-contrast=\"auto\">\u00a0(Yorkshire)<br \/><\/span><b><span data-contrast=\"auto\">Etapa 11: S\u00c1BADO <\/span><\/b><b><span data-contrast=\"auto\">6\/1\/2023 <\/span><\/b>Shorelines and Summit <span data-contrast=\"auto\"> (Watopia)<\/span><span data-ccp-props=\"{&quot;201341983&quot;:0,&quot;335559739&quot;:160,&quot;335559740&quot;:259}\"><br \/><\/span><b><span data-contrast=\"auto\">Etapa 12: DOMINGO <\/span><\/b><b><span data-contrast=\"auto\">(TT)<\/span><\/b> <b><span data-contrast=\"auto\">7\/1\/2023\u00a0<\/span><\/b><span data-contrast=\"auto\">Ven-Top (France)<\/span><span data-ccp-props=\"{&quot;201341983&quot;:0,&quot;335559739&quot;:160,&quot;335559740&quot;:259}\"><br \/><\/span><b><span data-contrast=\"auto\">Etapa 13: LUNES <\/span><\/b><b><span data-contrast=\"auto\">8\/1\/2023<\/span><\/b>Champs-\u00c9lys\u00e9es \u00a0(Paris)<\/p><p><a href=\"https:\/\/hisp-club.org\/wp\/tour-de-hisp-winter-2022\/tour-de-hisp-etapas-winter-2023\/\">INFORMACION DETALLADA<\/a><\/p><\/div>\n\t\t\t\t<\/div>\n\t\t\t\t\t\t\t\t<\/div>\n\t\t\t\t\t\t<\/div>\n\t\t\t\t<\/div>\n\t\t\t\t\t<\/div>\n\t\t<\/div>\n\t\t\t\t\t<\/div>\n\t\t<\/section>\n\t\t\t\t<section class=\"elementor-section elementor-top-section elementor-element elementor-element-926c39d elementor-section-boxed elementor-section-height-default elementor-section-height-default\" data-id=\"926c39d\" data-element_type=\"section\" data-settings=\"{&quot;background_background&quot;:&quot;classic&quot;}\">\n\t\t\t\t\t\t<div class=\"elementor-container elementor-column-gap-default\">\n\t\t\t\t\t<div class=\"elementor-column elementor-col-100 elementor-top-column elementor-element elementor-element-893ece0\" data-id=\"893ece0\" data-element_type=\"column\">\n\t\t\t<div class=\"elementor-widget-wrap elementor-element-populated\">\n\t\t\t\t\t\t<div class=\"elementor-element elementor-element-0120dba elementor-widget elementor-widget-text-editor\" data-id=\"0120dba\" data-element_type=\"widget\" data-widget_type=\"text-editor.default\">\n\t\t\t\t<div class=\"elementor-widget-container\">\n\t\t\t\t\t\t\t\t\t<h3><span data-contrast=\"none\">Suerte a todos los participantes.<\/span><span data-ccp-props=\"{&quot;201341983&quot;:0,&quot;335559739&quot;:160,&quot;335559740&quot;:259}\">\u00a0<\/span><\/h3>\t\t\t\t\t\t\t\t<\/div>\n\t\t\t\t<\/div>\n\t\t\t\t\t<\/div>\n\t\t<\/div>\n\t\t\t\t\t<\/div>\n\t\t<\/section>\n\t\t\t\t<\/div>\n\t\t","protected":false},"excerpt":{"rendered":"<p>HISP WINTER TOUR 2023 &#8211; REGLAS CLASIFICACI\u00d3N POR TIEMPOS (Trofeo F\u00edsico) 2 clasificaciones por puntos paralelas Sprints y KOMs Distancia recorrida 413,5km Desnivel acumulado 4.491m Etapas Eventos en Zwift Resultados Sistema de puntuaci\u00f3n SISTEMA DE PUNTUACION Habr\u00e1 una clasificaci\u00f3n general por tiempos, y dos clasificaciones por puntos: SPRINT y KOM HISP WINTER TOUR: Clasificaci\u00f3n cl\u00e1sica [&hellip;]<\/p>\n","protected":false},"author":2,"featured_media":94,"parent":0,"menu_order":0,"comment_status":"closed","ping_status":"closed","template":"","meta":{"footnotes":""},"_links":{"self":[{"href":"https:\/\/hisp-club.org\/wp\/wp-json\/wp\/v2\/pages\/2042"}],"collection":[{"href":"https:\/\/hisp-club.org\/wp\/wp-json\/wp\/v2\/pages"}],"about":[{"href":"https:\/\/hisp-club.org\/wp\/wp-json\/wp\/v2\/types\/page"}],"author":[{"embeddable":true,"href":"https:\/\/hisp-club.org\/wp\/wp-json\/wp\/v2\/users\/2"}],"replies":[{"embeddable":true,"href":"https:\/\/hisp-club.org\/wp\/wp-json\/wp\/v2\/comments?post=2042"}],"version-history":[{"count":10,"href":"https:\/\/hisp-club.org\/wp\/wp-json\/wp\/v2\/pages\/2042\/revisions"}],"predecessor-version":[{"id":2063,"href":"https:\/\/hisp-club.org\/wp\/wp-json\/wp\/v2\/pages\/2042\/revisions\/2063"}],"wp:featuredmedia":[{"embeddable":true,"href":"https:\/\/hisp-club.org\/wp\/wp-json\/wp\/v2\/media\/94"}],"wp:attachment":[{"href":"https:\/\/hisp-club.org\/wp\/wp-json\/wp\/v2\/media?parent=2042"}],"curies":[{"name":"wp","href":"https:\/\/api.w.org\/{rel}","templated":true}]}}